{"id":76417,"date":"2013-06-30T21:16:09","date_gmt":"2013-07-01T00:16:09","guid":{"rendered":"http:\/\/agrund.com.45.69-195-199.groveurl.com\/?page_id=76417"},"modified":"2013-07-04T21:24:18","modified_gmt":"2013-07-05T00:24:18","slug":"moda-masculina-fabio-paiva","status":"publish","type":"page","link":"https:\/\/agrund.com\/index.php\/moda-masculina-fabio-paiva\/","title":{"rendered":"Moda Masculina F\u00e1bio Paiva"},"content":{"rendered":"<p><a href=\"https:\/\/i0.wp.com\/www.agrund.com\/wp-content\/uploads\/sites\/6\/2013\/06\/FabioPaiva.jpg\"><img data-attachment-id=\"77290\" data-permalink=\"https:\/\/agrund.com\/index.php\/moda-masculina-fabio-paiva\/fabiopaiva\/\" data-orig-file=\"https:\/\/i0.wp.com\/agrund.com\/wp-content\/uploads\/sites\/6\/2013\/06\/FabioPaiva.jpg?fit=74%2C110&amp;ssl=1\" data-orig-size=\"74,110\" data-comments-opened=\"1\" data-image-meta=\"{&quot;aperture&quot;:&quot;0&quot;,&quot;credit&quot;:&quot;&quot;,&quot;camera&quot;:&quot;&quot;,&quot;caption&quot;:&quot;&quot;,&quot;created_timestamp&quot;:&quot;0&quot;,&quot;copyright&quot;:&quot;&quot;,&quot;focal_length&quot;:&quot;0&quot;,&quot;iso&quot;:&quot;0&quot;,&quot;shutter_speed&quot;:&quot;0&quot;,&quot;title&quot;:&quot;&quot;}\" data-image-title=\"FabioPaiva\" data-image-description=\"\" data-image-caption=\"\" data-medium-file=\"https:\/\/i0.wp.com\/agrund.com\/wp-content\/uploads\/sites\/6\/2013\/06\/FabioPaiva.jpg?fit=74%2C110&amp;ssl=1\" data-large-file=\"https:\/\/i0.wp.com\/agrund.com\/wp-content\/uploads\/sites\/6\/2013\/06\/FabioPaiva.jpg?fit=74%2C110&amp;ssl=1\" decoding=\"async\" loading=\"lazy\" class=\"size-full wp-image-77290 alignright\" alt=\"FabioPaiva\" src=\"https:\/\/i0.wp.com\/www.agrund.com\/wp-content\/uploads\/sites\/6\/2013\/06\/FabioPaiva.jpg?resize=74%2C110\" width=\"74\" height=\"110\" data-recalc-dims=\"1\" \/><\/a>Com mais de 20 anos dedicados a moda o editor do\u00a0<a href=\"http:\/\/agrund.com\/\" target=\"_blank\">agrund.com<\/a>\u00a0Fabio Paiva resolveu focar seu olhar apurado para o segmento masculina. Com v\u00e1rios editoriais, cat\u00e1logos e publica\u00e7\u00f5es, Fabio empresta aqui seu conhecimento sobre um assunto que todo mundo gosta, inclusive os homens!<\/p>\n","protected":false},"excerpt":{"rendered":"<p>Com mais de 20 anos dedicados a moda o editor do\u00a0agrund.com\u00a0Fabio Paiva resolveu focar seu olhar apurado para o segmento masculina. Com v\u00e1rios editoriais, cat\u00e1logos e publica\u00e7\u00f5es, Fabio empresta aqui seu conhecimento sobre um assunto que todo mundo gosta, inclusive os homens!<\/p>\n","protected":false},"author":1,"featured_media":76737,"parent":0,"menu_order":0,"comment_status":"open","ping_status":"open","template":"page-blog.php","meta":{"jetpack_post_was_ever_published":false},"jetpack_sharing_enabled":true,"jetpack_shortlink":"https:\/\/wp.me\/P3Hz0n-jSx","jetpack_likes_enabled":true,"_links":{"self":[{"href":"https:\/\/agrund.com\/index.php\/wp-json\/wp\/v2\/pages\/76417"}],"collection":[{"href":"https:\/\/agrund.com\/index.php\/wp-json\/wp\/v2\/pages"}],"about":[{"href":"https:\/\/agrund.com\/index.php\/wp-json\/wp\/v2\/types\/page"}],"author":[{"embeddable":true,"href":"https:\/\/agrund.com\/index.php\/wp-json\/wp\/v2\/users\/1"}],"replies":[{"embeddable":true,"href":"https:\/\/agrund.com\/index.php\/wp-json\/wp\/v2\/comments?post=76417"}],"version-history":[{"count":0,"href":"https:\/\/agrund.com\/index.php\/wp-json\/wp\/v2\/pages\/76417\/revisions"}],"wp:featuredmedia":[{"embeddable":true,"href":"https:\/\/agrund.com\/index.php\/wp-json\/wp\/v2\/media\/76737"}],"wp:attachment":[{"href":"https:\/\/agrund.com\/index.php\/wp-json\/wp\/v2\/media?parent=76417"}],"curies":[{"name":"wp","href":"https:\/\/api.w.org\/{rel}","templated":true}]}}