{"id":64843,"date":"2013-03-27T10:49:56","date_gmt":"2013-03-27T13:49:56","guid":{"rendered":"http:\/\/agrund.com.45.69-195-199.groveurl.com\/?page_id=64843"},"modified":"2014-06-02T17:57:21","modified_gmt":"2014-06-02T20:57:21","slug":"negocio","status":"publish","type":"page","link":"https:\/\/agrund.com\/index.php\/negocio\/","title":{"rendered":"Neg\u00f3cios Agrund.com"},"content":{"rendered":"<p>Aqui voc\u00ea entra em contato com nossa equipe comercial e tamb\u00e9m com os<br \/>\nrespons\u00e1veis por trabalhos com Arlindo Grund.<\/p>\n<p>[vfb id=2]<\/p>\n<p>&nbsp;<\/p>\n","protected":false},"excerpt":{"rendered":"<p>Aqui voc\u00ea entra em contato com nossa equipe comercial e tamb\u00e9m com os respons\u00e1veis por trabalhos com Arlindo Grund. [vfb id=2] &nbsp;<\/p>\n","protected":false},"author":1,"featured_media":0,"parent":0,"menu_order":0,"comment_status":"open","ping_status":"open","template":"","meta":{"jetpack_post_was_ever_published":false},"jetpack_sharing_enabled":true,"jetpack_shortlink":"https:\/\/wp.me\/P3Hz0n-gRR","jetpack_likes_enabled":true,"_links":{"self":[{"href":"https:\/\/agrund.com\/index.php\/wp-json\/wp\/v2\/pages\/64843"}],"collection":[{"href":"https:\/\/agrund.com\/index.php\/wp-json\/wp\/v2\/pages"}],"about":[{"href":"https:\/\/agrund.com\/index.php\/wp-json\/wp\/v2\/types\/page"}],"author":[{"embeddable":true,"href":"https:\/\/agrund.com\/index.php\/wp-json\/wp\/v2\/users\/1"}],"replies":[{"embeddable":true,"href":"https:\/\/agrund.com\/index.php\/wp-json\/wp\/v2\/comments?post=64843"}],"version-history":[{"count":0,"href":"https:\/\/agrund.com\/index.php\/wp-json\/wp\/v2\/pages\/64843\/revisions"}],"wp:attachment":[{"href":"https:\/\/agrund.com\/index.php\/wp-json\/wp\/v2\/media?parent=64843"}],"curies":[{"name":"wp","href":"https:\/\/api.w.org\/{rel}","templated":true}]}}